{"id":1947,"date":"2025-12-05T09:00:57","date_gmt":"2025-12-05T09:00:57","guid":{"rendered":"https:\/\/pwmhosting.ca\/ict-travel\/tours-magiques\/"},"modified":"2026-01-16T16:22:34","modified_gmt":"2026-01-16T16:22:34","slug":"tours-magiques","status":"publish","type":"page","link":"https:\/\/icttravel.com\/fr\/tours-magiques\/","title":{"rendered":"Tours Magiques"},"content":{"rendered":"\t\t<div data-elementor-type=\"wp-page\" data-elementor-id=\"1947\" class=\"elementor elementor-1947 elementor-605\">\n\t\t\t\t<div class=\"elementor-element elementor-element-7b90341 e-flex e-con-boxed e-con e-parent\" data-id=\"7b90341\" data-element_type=\"container\" data-e-type=\"container\" data-settings=\"{&quot;background_background&quot;:&quot;classic&quot;}\">\n\t\t\t\t\t<div class=\"e-con-inner\">\n\t\t\t\t<div class=\"elementor-element elementor-element-147e7ff elementor-widget elementor-widget-tp-post-title\" data-id=\"147e7ff\" data-element_type=\"widget\" data-e-type=\"widget\" data-widget_type=\"tp-post-title.default\">\n\t\t\t\t\t<div class=\"tp-post-title\"><h1 class=\"tp-entry-title \">Tours Magiques<\/h1><\/div>\t\t\t\t<\/div>\n\t\t\t\t\t<\/div>\n\t\t\t\t<\/div>\n\t\t<div class=\"elementor-element elementor-element-768fcaa e-flex e-con-boxed e-con e-parent\" data-id=\"768fcaa\" data-element_type=\"container\" data-e-type=\"container\">\n\t\t\t\t\t<div class=\"e-con-inner\">\n\t\t<div class=\"elementor-element elementor-element-72de973 e-con-full e-flex e-con e-child\" data-id=\"72de973\" data-element_type=\"container\" data-e-type=\"container\">\n\t\t\t\t<div class=\"elementor-element elementor-element-370f7e9 elementor-widget-divider--view-line elementor-widget elementor-widget-divider\" data-id=\"370f7e9\" data-element_type=\"widget\" data-e-type=\"widget\" data-widget_type=\"divider.default\">\n\t\t\t\t\t\t\t<div class=\"elementor-divider\">\n\t\t\t<span class=\"elementor-divider-separator\">\n\t\t\t\t\t\t<\/span>\n\t\t<\/div>\n\t\t\t\t\t\t<\/div>\n\t\t\t\t<div class=\"elementor-element elementor-element-a0cab9f elementor-widget__width-initial elementor-widget elementor-widget-heading\" data-id=\"a0cab9f\" data-element_type=\"widget\" data-e-type=\"widget\" data-widget_type=\"heading.default\">\n\t\t\t\t\t<h3 class=\"elementor-heading-title elementor-size-default\">L\u00e0 o\u00f9 les \u00e9quipes s'affrontent et o\u00f9 les souvenirs se cr\u00e9ent.<\/h3>\t\t\t\t<\/div>\n\t\t\t\t<\/div>\n\t\t<div class=\"elementor-element elementor-element-700e341 e-con-full e-flex e-con e-child\" data-id=\"700e341\" data-element_type=\"container\" data-e-type=\"container\">\n\t\t\t\t<div class=\"elementor-element elementor-element-cedf3ee elementor-widget elementor-widget-text-editor\" data-id=\"cedf3ee\" data-element_type=\"widget\" data-e-type=\"widget\" data-widget_type=\"text-editor.default\">\n\t\t\t\t\t\t\t\t\tAvec plus de 35 ans d&rsquo;exp\u00e9rience, Magik Tours est l&rsquo;agence de voyages canadienne de confiance pour les \u00e9quipes sportives souhaitant vivre des exp\u00e9riences de comp\u00e9tition internationales inoubliables. Notre r\u00e9putation repose sur des d\u00e9cennies de partenariat avec des athl\u00e8tes, des entra\u00eeneurs et des organisations afin de proposer des voyages qui sortent de l&rsquo;ordinaire, alliant passion, planification et service personnalis\u00e9 \u00e0 chaque \u00e9tape.\t\t\t\t\t\t\t\t<\/div>\n\t\t\t\t<\/div>\n\t\t\t\t\t<\/div>\n\t\t\t\t<\/div>\n\t\t<div class=\"elementor-element elementor-element-a19f39f e-flex e-con-boxed e-con e-parent\" data-id=\"a19f39f\" data-element_type=\"container\" data-e-type=\"container\">\n\t\t\t\t\t<div class=\"e-con-inner\">\n\t\t<div class=\"elementor-element elementor-element-10cc3b3 e-con-full e-flex e-con e-child\" data-id=\"10cc3b3\" data-element_type=\"container\" data-e-type=\"container\" data-settings=\"{&quot;background_background&quot;:&quot;classic&quot;}\">\n\t\t\t\t<\/div>\n\t\t\t\t\t<\/div>\n\t\t\t\t<\/div>\n\t\t<div class=\"elementor-element elementor-element-2fa665a e-flex e-con-boxed e-con e-parent\" data-id=\"2fa665a\" data-element_type=\"container\" data-e-type=\"container\" data-settings=\"{&quot;background_background&quot;:&quot;classic&quot;}\">\n\t\t\t\t\t<div class=\"e-con-inner\">\n\t\t<div class=\"elementor-element elementor-element-2dd9779 e-con-full e-flex e-con e-child\" data-id=\"2dd9779\" data-element_type=\"container\" data-e-type=\"container\">\n\t\t\t\t<div class=\"elementor-element elementor-element-42b7620 elementor-widget__width-inherit elementor-widget-mobile__width-inherit elementor-widget elementor-widget-image\" data-id=\"42b7620\" data-element_type=\"widget\" data-e-type=\"widget\" data-widget_type=\"image.default\">\n\t\t\t\t\t\t\t\t\t\t\t\t\t\t\t<img fetchpriority=\"high\" decoding=\"async\" width=\"1500\" height=\"1000\" src=\"https:\/\/icttravel.com\/wp-content\/uploads\/2025\/12\/corporate-travel.jpg\" class=\"attachment-full size-full wp-image-1959\" alt=\"\" srcset=\"https:\/\/icttravel.com\/wp-content\/uploads\/2025\/12\/corporate-travel.jpg 1500w, https:\/\/icttravel.com\/wp-content\/uploads\/2025\/12\/corporate-travel-300x200.jpg 300w, https:\/\/icttravel.com\/wp-content\/uploads\/2025\/12\/corporate-travel-1024x683.jpg 1024w, https:\/\/icttravel.com\/wp-content\/uploads\/2025\/12\/corporate-travel-768x512.jpg 768w\" sizes=\"(max-width: 1500px) 100vw, 1500px\" \/>\t\t\t\t\t\t\t\t\t\t\t\t\t\t\t<\/div>\n\t\t\t\t<\/div>\n\t\t<div class=\"elementor-element elementor-element-d11b35f e-con-full e-flex e-con e-child\" data-id=\"d11b35f\" data-element_type=\"container\" data-e-type=\"container\">\n\t\t\t\t<div class=\"elementor-element elementor-element-e974567 elementor-widget elementor-widget-text-editor\" data-id=\"e974567\" data-element_type=\"widget\" data-e-type=\"widget\" data-widget_type=\"text-editor.default\">\n\t\t\t\t\t\t\t\t\tChez Magik Tours, nous b\u00e9n\u00e9ficions d&rsquo;un acc\u00e8s exclusif \u00e0 des tarifs de voyage sp\u00e9ciaux, n\u00e9goci\u00e9s directement avec les meilleures compagnies a\u00e9riennes et des partenaires de confiance dans le monde entier, afin d&rsquo;aider votre \u00e9quipe \u00e0 voyager \u00e0 moindre co\u00fbt et en toute efficacit\u00e9. Notre connaissance du secteur va bien au-del\u00e0 des simples r\u00e9servations : nous comprenons les besoins des \u00e9quipes, les complexit\u00e9s des comp\u00e9titions internationales et tout ce qu&rsquo;il faut pour que chaque voyage se d\u00e9roule sans encombre et soit couronn\u00e9 de succ\u00e8s.\t\t\t\t\t\t\t\t<\/div>\n\t\t<div class=\"elementor-element elementor-element-68a1038 e-con-full e-flex e-con e-child\" data-id=\"68a1038\" data-element_type=\"container\" data-e-type=\"container\">\n\t\t\t\t<div class=\"elementor-element elementor-element-7c496b1 elementor-widget elementor-widget-button\" data-id=\"7c496b1\" data-element_type=\"widget\" data-e-type=\"widget\" data-widget_type=\"button.default\">\n\t\t\t\t\t\t\t\t\t\t<a class=\"elementor-button elementor-button-link elementor-size-sm\" href=\"https:\/\/icttravel.com\/fr\/ce-que-comprennent-nos-circuits-personnalises\/\">\n\t\t\t\t\t\t<span class=\"elementor-button-content-wrapper\">\n\t\t\t\t\t\t\t\t\t<span class=\"elementor-button-text\">Visites personnalis\u00e9es<\/span>\n\t\t\t\t\t<\/span>\n\t\t\t\t\t<\/a>\n\t\t\t\t\t\t\t\t<\/div>\n\t\t\t\t<div class=\"elementor-element elementor-element-4cfbe9c elementor-widget elementor-widget-button\" data-id=\"4cfbe9c\" data-element_type=\"widget\" data-e-type=\"widget\" data-widget_type=\"button.default\">\n\t\t\t\t\t\t\t\t\t\t<a class=\"elementor-button elementor-button-link elementor-size-sm\" href=\"https:\/\/icttravel.com\/fr\/tarifs-aeriens-speciaux\/\">\n\t\t\t\t\t\t<span class=\"elementor-button-content-wrapper\">\n\t\t\t\t\t\t\t\t\t<span class=\"elementor-button-text\">Tarifs a\u00e9riens sp\u00e9ciaux<\/span>\n\t\t\t\t\t<\/span>\n\t\t\t\t\t<\/a>\n\t\t\t\t\t\t\t\t<\/div>\n\t\t\t\t<\/div>\n\t\t\t\t<\/div>\n\t\t\t\t\t<\/div>\n\t\t\t\t<\/div>\n\t\t<div class=\"elementor-element elementor-element-9ac1ce2 e-flex e-con-boxed e-con e-parent\" data-id=\"9ac1ce2\" data-element_type=\"container\" data-e-type=\"container\" data-settings=\"{&quot;background_background&quot;:&quot;classic&quot;}\">\n\t\t\t\t\t<div class=\"e-con-inner\">\n\t\t<div class=\"elementor-element elementor-element-77035ae e-con-full e-flex e-con e-child\" data-id=\"77035ae\" data-element_type=\"container\" data-e-type=\"container\">\n\t\t<div class=\"elementor-element elementor-element-ca87306 e-con-full e-flex e-con e-child\" data-id=\"ca87306\" data-element_type=\"container\" data-e-type=\"container\" data-settings=\"{&quot;background_background&quot;:&quot;classic&quot;}\">\n\t\t\t\t<\/div>\n\t\t\t\t<\/div>\n\t\t<div class=\"elementor-element elementor-element-90fa7fa e-con-full e-flex e-con e-child\" data-id=\"90fa7fa\" data-element_type=\"container\" data-e-type=\"container\">\n\t\t\t\t<div class=\"elementor-element elementor-element-7ec08fe elementor-widget elementor-widget-text-editor\" data-id=\"7ec08fe\" data-element_type=\"widget\" data-e-type=\"widget\" data-widget_type=\"text-editor.default\">\n\t\t\t\t\t\t\t\t\tQue votre \u00e9quipe se d\u00e9place pour des tournois, des stages d&rsquo;entra\u00eenement, des matchs amicaux ou des tourn\u00e9es en plusieurs \u00e9tapes, nous \u00e9laborons chaque itin\u00e9raire en fonction de vos objectifs sp\u00e9cifiques. De l&rsquo;organisation des vols et de l&rsquo;h\u00e9bergement \u00e0 la gestion des transports terrestres et de la logistique locale, nos experts s&rsquo;occupent de tous les d\u00e9tails afin que votre groupe puisse se concentrer sur la comp\u00e9tition et cr\u00e9er des souvenirs inoubliables.\t\t\t\t\t\t\t\t<\/div>\n\t\t\t\t<\/div>\n\t\t\t\t\t<\/div>\n\t\t\t\t<\/div>\n\t\t<div class=\"elementor-element elementor-element-b91001f e-flex e-con-boxed e-con e-parent\" data-id=\"b91001f\" data-element_type=\"container\" data-e-type=\"container\" data-settings=\"{&quot;background_background&quot;:&quot;classic&quot;}\">\n\t\t\t\t\t<div class=\"e-con-inner\">\n\t\t<div class=\"elementor-element elementor-element-f44b029 e-con-full e-flex e-con e-child\" data-id=\"f44b029\" data-element_type=\"container\" data-e-type=\"container\" data-settings=\"{&quot;background_background&quot;:&quot;classic&quot;}\">\n\t\t\t\t<div class=\"elementor-element elementor-element-b9e991e elementor-widget elementor-widget-text-editor\" data-id=\"b9e991e\" data-element_type=\"widget\" data-e-type=\"widget\" data-widget_type=\"text-editor.default\">\n\t\t\t\t\t\t\t\t\tChaque exp\u00e9rience propos\u00e9e par Magik Tours est enti\u00e8rement personnalis\u00e9e. Profitez d&rsquo;options de voyage flexibles, d&rsquo;un acc\u00e8s privil\u00e9gi\u00e9 et d&rsquo;une assistance personnalis\u00e9e avant, pendant et apr\u00e8s votre voyage. Nous travaillons sans rel\u00e2che pour vous garantir les meilleurs forfaits et tarifs de voyage adapt\u00e9s \u00e0 votre budget, tout en cr\u00e9ant des solutions de voyage qui assurent le confort et la connectivit\u00e9 des athl\u00e8tes, du personnel et des supporters.\t\t\t\t\t\t\t\t<\/div>\n\t\t\t\t<div class=\"elementor-element elementor-element-dc52532 elementor-widget elementor-widget-text-editor\" data-id=\"dc52532\" data-element_type=\"widget\" data-e-type=\"widget\" data-widget_type=\"text-editor.default\">\n\t\t\t\t\t\t\t\t\tLaissez Magik Tours transformer votre prochaine aventure d&rsquo;\u00e9quipe en une exp\u00e9rience vraiment extraordinaire. Affrontez la concurrence mondiale avec confiance, en offrant une valeur ajout\u00e9e et en b\u00e9n\u00e9ficiant de la magie d&rsquo;un voyage con\u00e7u avec expertise.\t\t\t\t\t\t\t\t<\/div>\n\t\t\t\t<div class=\"elementor-element elementor-element-64812da elementor-widget elementor-widget-text-editor\" data-id=\"64812da\" data-element_type=\"widget\" data-e-type=\"widget\" data-widget_type=\"text-editor.default\">\n\t\t\t\t\t\t\t\t\tMagik Tours : Nous organisons des voyages sportifs internationaux inoubliables depuis 35 ans. Votre \u00e9quipe. Votre r\u00eave. Notre expertise.\t\t\t\t\t\t\t\t<\/div>\n\t\t\t\t<\/div>\n\t\t\t\t\t<\/div>\n\t\t\t\t<\/div>\n\t\t\t\t<\/div>\n\t\t","protected":false},"excerpt":{"rendered":"<p>L\u00e0 o\u00f9 les \u00e9quipes s&rsquo;affrontent et o\u00f9 les souvenirs se cr\u00e9ent. Avec plus de 35 ans d&rsquo;exp\u00e9rience, Magik Tours est [&hellip;]<\/p>\n","protected":false},"author":9,"featured_media":0,"parent":0,"menu_order":0,"comment_status":"closed","ping_status":"closed","template":"","meta":{"site-sidebar-layout":"no-sidebar","site-content-layout":"","ast-site-content-layout":"full-width-container","site-content-style":"default","site-sidebar-style":"default","ast-global-header-display":"","ast-banner-title-visibility":"","ast-main-header-display":"","ast-hfb-above-header-display":"","ast-hfb-below-header-display":"","ast-hfb-mobile-header-display":"","site-post-title":"disabled","ast-breadcrumbs-content":"","ast-featured-img":"disabled","footer-sml-layout":"","ast-disable-related-posts":"","theme-transparent-header-meta":"","adv-header-id-meta":"","stick-header-meta":"","header-above-stick-meta":"","header-main-stick-meta":"","header-below-stick-meta":"","astra-migrate-meta-layouts":"default","ast-page-background-enabled":"default","ast-page-background-meta":{"desktop":{"background-color":"var(--ast-global-color-5)","background-image":"","background-repeat":"repeat","background-position":"center center","background-size":"auto","background-attachment":"scroll","background-type":"","background-media":"","overlay-type":"","overlay-color":"","overlay-opacity":"","overlay-gradient":""},"tablet":{"background-color":"","background-image":"","background-repeat":"repeat","background-position":"center center","background-size":"auto","background-attachment":"scroll","background-type":"","background-media":"","overlay-type":"","overlay-color":"","overlay-opacity":"","overlay-gradient":""},"mobile":{"background-color":"","background-image":"","background-repeat":"repeat","background-position":"center center","background-size":"auto","background-attachment":"scroll","background-type":"","background-media":"","overlay-type":"","overlay-color":"","overlay-opacity":"","overlay-gradient":""}},"ast-content-background-meta":{"desktop":{"background-color":"var(--ast-global-color-4)","background-image":"","background-repeat":"repeat","background-position":"center center","background-size":"auto","background-attachment":"scroll","background-type":"","background-media":"","overlay-type":"","overlay-color":"","overlay-opacity":"","overlay-gradient":""},"tablet":{"background-color":"var(--ast-global-color-4)","background-image":"","background-repeat":"repeat","background-position":"center center","background-size":"auto","background-attachment":"scroll","background-type":"","background-media":"","overlay-type":"","overlay-color":"","overlay-opacity":"","overlay-gradient":""},"mobile":{"background-color":"var(--ast-global-color-4)","background-image":"","background-repeat":"repeat","background-position":"center center","background-size":"auto","background-attachment":"scroll","background-type":"","background-media":"","overlay-type":"","overlay-color":"","overlay-opacity":"","overlay-gradient":""}},"footnotes":""},"class_list":["post-1947","page","type-page","status-publish","hentry"],"yoast_head":"<!-- This site is optimized with the Yoast SEO plugin v27.3 - https:\/\/yoast.com\/product\/yoast-seo-wordpress\/ -->\n<title>Gestion des voyages corporatifs et d\u2019affaires | ICT Travel<\/title>\n<meta name=\"description\" content=\"Planification professionnelle de voyages d\u2019affaires par ICT Travel. De l\u2019optimisation des d\u00e9penses aux \u00e9v\u00e9nements MICE, b\u00e9n\u00e9ficiez de solutions \u00e9conomiques et efficaces.\" \/>\n<meta name=\"robots\" content=\"index, follow, max-snippet:-1, max-image-preview:large, max-video-preview:-1\" \/>\n<link rel=\"canonical\" href=\"https:\/\/icttravel.com\/magik-tours\/\" \/>\n<meta property=\"og:locale\" content=\"fr_FR\" \/>\n<meta property=\"og:type\" content=\"article\" \/>\n<meta property=\"og:title\" content=\"Gestion des voyages corporatifs et d\u2019affaires | ICT Travel\" \/>\n<meta property=\"og:description\" content=\"Planification professionnelle de voyages d\u2019affaires par ICT Travel. De l\u2019optimisation des d\u00e9penses aux \u00e9v\u00e9nements MICE, b\u00e9n\u00e9ficiez de solutions \u00e9conomiques et efficaces.\" \/>\n<meta property=\"og:url\" content=\"https:\/\/icttravel.com\/magik-tours\/\" \/>\n<meta property=\"og:site_name\" content=\"VOYAGES ICT TRAVEL\" \/>\n<meta property=\"article:modified_time\" content=\"2026-01-16T16:22:34+00:00\" \/>\n<meta property=\"og:image\" content=\"https:\/\/icttravel.com\/wp-content\/uploads\/2025\/12\/corporate-travel.jpg\" \/>\n\t<meta property=\"og:image:width\" content=\"1500\" \/>\n\t<meta property=\"og:image:height\" content=\"1000\" \/>\n\t<meta property=\"og:image:type\" content=\"image\/jpeg\" \/>\n<meta name=\"twitter:card\" content=\"summary_large_image\" \/>\n<meta name=\"twitter:label1\" content=\"Dur\u00e9e de lecture estim\u00e9e\" \/>\n\t<meta name=\"twitter:data1\" content=\"2 minutes\" \/>\n<script type=\"application\/ld+json\" class=\"yoast-schema-graph\">{\"@context\":\"https:\\\/\\\/schema.org\",\"@graph\":[{\"@type\":\"WebPage\",\"@id\":\"https:\\\/\\\/icttravel.com\\\/magik-tours\\\/\",\"url\":\"https:\\\/\\\/icttravel.com\\\/magik-tours\\\/\",\"name\":\"Gestion des voyages corporatifs et d\u2019affaires | ICT Travel\",\"isPartOf\":{\"@id\":\"https:\\\/\\\/icttravel.com\\\/#website\"},\"primaryImageOfPage\":{\"@id\":\"https:\\\/\\\/icttravel.com\\\/magik-tours\\\/#primaryimage\"},\"image\":{\"@id\":\"https:\\\/\\\/icttravel.com\\\/magik-tours\\\/#primaryimage\"},\"thumbnailUrl\":\"https:\\\/\\\/icttravel.com\\\/wp-content\\\/uploads\\\/2025\\\/12\\\/corporate-travel.jpg\",\"datePublished\":\"2025-12-05T09:00:57+00:00\",\"dateModified\":\"2026-01-16T16:22:34+00:00\",\"description\":\"Planification professionnelle de voyages d\u2019affaires par ICT Travel. De l\u2019optimisation des d\u00e9penses aux \u00e9v\u00e9nements MICE, b\u00e9n\u00e9ficiez de solutions \u00e9conomiques et efficaces.\",\"breadcrumb\":{\"@id\":\"https:\\\/\\\/icttravel.com\\\/magik-tours\\\/#breadcrumb\"},\"inLanguage\":\"fr-FR\",\"potentialAction\":[{\"@type\":\"ReadAction\",\"target\":[\"https:\\\/\\\/icttravel.com\\\/magik-tours\\\/\"]}]},{\"@type\":\"ImageObject\",\"inLanguage\":\"fr-FR\",\"@id\":\"https:\\\/\\\/icttravel.com\\\/magik-tours\\\/#primaryimage\",\"url\":\"https:\\\/\\\/icttravel.com\\\/wp-content\\\/uploads\\\/2025\\\/12\\\/corporate-travel.jpg\",\"contentUrl\":\"https:\\\/\\\/icttravel.com\\\/wp-content\\\/uploads\\\/2025\\\/12\\\/corporate-travel.jpg\"},{\"@type\":\"BreadcrumbList\",\"@id\":\"https:\\\/\\\/icttravel.com\\\/magik-tours\\\/#breadcrumb\",\"itemListElement\":[{\"@type\":\"ListItem\",\"position\":1,\"name\":\"Home\",\"item\":\"https:\\\/\\\/icttravel.com\\\/\"},{\"@type\":\"ListItem\",\"position\":2,\"name\":\"Tours Magiques\"}]},{\"@type\":\"WebSite\",\"@id\":\"https:\\\/\\\/icttravel.com\\\/#website\",\"url\":\"https:\\\/\\\/icttravel.com\\\/\",\"name\":\"VOYAGES ICT TRAVEL\",\"description\":\"\",\"potentialAction\":[{\"@type\":\"SearchAction\",\"target\":{\"@type\":\"EntryPoint\",\"urlTemplate\":\"https:\\\/\\\/icttravel.com\\\/?s={search_term_string}\"},\"query-input\":{\"@type\":\"PropertyValueSpecification\",\"valueRequired\":true,\"valueName\":\"search_term_string\"}}],\"inLanguage\":\"fr-FR\"}]}<\/script>\n<!-- \/ Yoast SEO plugin. -->","yoast_head_json":{"title":"Gestion des voyages corporatifs et d\u2019affaires | ICT Travel","description":"Planification professionnelle de voyages d\u2019affaires par ICT Travel. De l\u2019optimisation des d\u00e9penses aux \u00e9v\u00e9nements MICE, b\u00e9n\u00e9ficiez de solutions \u00e9conomiques et efficaces.","robots":{"index":"index","follow":"follow","max-snippet":"max-snippet:-1","max-image-preview":"max-image-preview:large","max-video-preview":"max-video-preview:-1"},"canonical":"https:\/\/icttravel.com\/magik-tours\/","og_locale":"fr_FR","og_type":"article","og_title":"Gestion des voyages corporatifs et d\u2019affaires | ICT Travel","og_description":"Planification professionnelle de voyages d\u2019affaires par ICT Travel. De l\u2019optimisation des d\u00e9penses aux \u00e9v\u00e9nements MICE, b\u00e9n\u00e9ficiez de solutions \u00e9conomiques et efficaces.","og_url":"https:\/\/icttravel.com\/magik-tours\/","og_site_name":"VOYAGES ICT TRAVEL","article_modified_time":"2026-01-16T16:22:34+00:00","og_image":[{"width":1500,"height":1000,"url":"https:\/\/icttravel.com\/wp-content\/uploads\/2025\/12\/corporate-travel.jpg","type":"image\/jpeg"}],"twitter_card":"summary_large_image","twitter_misc":{"Dur\u00e9e de lecture estim\u00e9e":"2 minutes"},"schema":{"@context":"https:\/\/schema.org","@graph":[{"@type":"WebPage","@id":"https:\/\/icttravel.com\/magik-tours\/","url":"https:\/\/icttravel.com\/magik-tours\/","name":"Gestion des voyages corporatifs et d\u2019affaires | ICT Travel","isPartOf":{"@id":"https:\/\/icttravel.com\/#website"},"primaryImageOfPage":{"@id":"https:\/\/icttravel.com\/magik-tours\/#primaryimage"},"image":{"@id":"https:\/\/icttravel.com\/magik-tours\/#primaryimage"},"thumbnailUrl":"https:\/\/icttravel.com\/wp-content\/uploads\/2025\/12\/corporate-travel.jpg","datePublished":"2025-12-05T09:00:57+00:00","dateModified":"2026-01-16T16:22:34+00:00","description":"Planification professionnelle de voyages d\u2019affaires par ICT Travel. De l\u2019optimisation des d\u00e9penses aux \u00e9v\u00e9nements MICE, b\u00e9n\u00e9ficiez de solutions \u00e9conomiques et efficaces.","breadcrumb":{"@id":"https:\/\/icttravel.com\/magik-tours\/#breadcrumb"},"inLanguage":"fr-FR","potentialAction":[{"@type":"ReadAction","target":["https:\/\/icttravel.com\/magik-tours\/"]}]},{"@type":"ImageObject","inLanguage":"fr-FR","@id":"https:\/\/icttravel.com\/magik-tours\/#primaryimage","url":"https:\/\/icttravel.com\/wp-content\/uploads\/2025\/12\/corporate-travel.jpg","contentUrl":"https:\/\/icttravel.com\/wp-content\/uploads\/2025\/12\/corporate-travel.jpg"},{"@type":"BreadcrumbList","@id":"https:\/\/icttravel.com\/magik-tours\/#breadcrumb","itemListElement":[{"@type":"ListItem","position":1,"name":"Home","item":"https:\/\/icttravel.com\/"},{"@type":"ListItem","position":2,"name":"Tours Magiques"}]},{"@type":"WebSite","@id":"https:\/\/icttravel.com\/#website","url":"https:\/\/icttravel.com\/","name":"VOYAGES ICT TRAVEL","description":"","potentialAction":[{"@type":"SearchAction","target":{"@type":"EntryPoint","urlTemplate":"https:\/\/icttravel.com\/?s={search_term_string}"},"query-input":{"@type":"PropertyValueSpecification","valueRequired":true,"valueName":"search_term_string"}}],"inLanguage":"fr-FR"}]}},"_links":{"self":[{"href":"https:\/\/icttravel.com\/fr\/wp-json\/wp\/v2\/pages\/1947","targetHints":{"allow":["GET"]}}],"collection":[{"href":"https:\/\/icttravel.com\/fr\/wp-json\/wp\/v2\/pages"}],"about":[{"href":"https:\/\/icttravel.com\/fr\/wp-json\/wp\/v2\/types\/page"}],"author":[{"embeddable":true,"href":"https:\/\/icttravel.com\/fr\/wp-json\/wp\/v2\/users\/9"}],"replies":[{"embeddable":true,"href":"https:\/\/icttravel.com\/fr\/wp-json\/wp\/v2\/comments?post=1947"}],"version-history":[{"count":20,"href":"https:\/\/icttravel.com\/fr\/wp-json\/wp\/v2\/pages\/1947\/revisions"}],"predecessor-version":[{"id":2449,"href":"https:\/\/icttravel.com\/fr\/wp-json\/wp\/v2\/pages\/1947\/revisions\/2449"}],"wp:attachment":[{"href":"https:\/\/icttravel.com\/fr\/wp-json\/wp\/v2\/media?parent=1947"}],"curies":[{"name":"wp","href":"https:\/\/api.w.org\/{rel}","templated":true}]}}