{"id":1914,"date":"2025-12-05T09:48:25","date_gmt":"2025-12-05T09:48:25","guid":{"rendered":"https:\/\/pwmhosting.ca\/ict-travel\/crew-voyage\/"},"modified":"2026-01-10T11:18:15","modified_gmt":"2026-01-10T11:18:15","slug":"crew-voyage","status":"publish","type":"page","link":"https:\/\/icttravel.com\/fr\/crew-voyage\/","title":{"rendered":"CREW Voyage"},"content":{"rendered":"\t\t<div data-elementor-type=\"wp-page\" data-elementor-id=\"1914\" class=\"elementor elementor-1914 elementor-669\">\n\t\t\t\t<div class=\"elementor-element elementor-element-5d151fc0 e-flex e-con-boxed e-con e-parent\" data-id=\"5d151fc0\" data-element_type=\"container\" data-e-type=\"container\" data-settings=\"{&quot;background_background&quot;:&quot;classic&quot;}\">\n\t\t\t\t\t<div class=\"e-con-inner\">\n\t\t\t\t<div class=\"elementor-element elementor-element-3b9c7d34 elementor-widget elementor-widget-tp-post-title\" data-id=\"3b9c7d34\" data-element_type=\"widget\" data-e-type=\"widget\" data-widget_type=\"tp-post-title.default\">\n\t\t\t\t\t<div class=\"tp-post-title\"><h1 class=\"tp-entry-title \">CREW Voyage<\/h1><\/div>\t\t\t\t<\/div>\n\t\t\t\t\t<\/div>\n\t\t\t\t<\/div>\n\t\t<div class=\"elementor-element elementor-element-45898590 e-flex e-con-boxed e-con e-parent\" data-id=\"45898590\" data-element_type=\"container\" data-e-type=\"container\">\n\t\t\t\t\t<div class=\"e-con-inner\">\n\t\t\t\t<div class=\"elementor-element elementor-element-759d57c4 elementor-widget elementor-widget-heading\" data-id=\"759d57c4\" data-element_type=\"widget\" data-e-type=\"widget\" data-widget_type=\"heading.default\">\n\t\t\t\t\t<h2 class=\"elementor-heading-title elementor-size-default\">D\u00e9placements du personnel pour les op\u00e9rations mini\u00e8res, p\u00e9troli\u00e8res et gazi\u00e8res dans l'Arctique<\/h2>\t\t\t\t<\/div>\n\t\t\t\t<div class=\"elementor-element elementor-element-31e4224f elementor-widget elementor-widget-text-editor\" data-id=\"31e4224f\" data-element_type=\"widget\" data-e-type=\"widget\" data-widget_type=\"text-editor.default\">\n\t\t\t\t\t\t\t\t\tICT Travel est sp\u00e9cialis\u00e9e dans la gestion des besoins complexes en mati\u00e8re de d\u00e9placements des \u00e9quipes et du personnel qui soutiennent les industries mini\u00e8res, p\u00e9troli\u00e8res et gazi\u00e8res essentielles du Canada, en particulier dans les r\u00e9gions difficiles et \u00e9loign\u00e9es de l&rsquo;Arctique. Avec plus de 35 ans d&rsquo;exp\u00e9rience, nous savons ce qu&rsquo;il faut pour transporter votre \u00e9quipe de mani\u00e8re s\u00e9curitaire, efficace et fiable vers les sites qui font avancer le Canada.\t\t\t\t\t\t\t\t<\/div>\n\t\t\t\t\t<\/div>\n\t\t\t\t<\/div>\n\t\t<div class=\"elementor-element elementor-element-28cb22fd e-flex e-con-boxed e-con e-parent\" data-id=\"28cb22fd\" data-element_type=\"container\" data-e-type=\"container\" data-settings=\"{&quot;background_background&quot;:&quot;classic&quot;}\">\n\t\t\t\t\t<div class=\"e-con-inner\">\n\t\t<div class=\"elementor-element elementor-element-345c5c03 e-con-full e-flex e-con e-child\" data-id=\"345c5c03\" data-element_type=\"container\" data-e-type=\"container\">\n\t\t\t\t<div class=\"elementor-element elementor-element-39fcb6d0 elementor-widget elementor-widget-image\" data-id=\"39fcb6d0\" data-element_type=\"widget\" data-e-type=\"widget\" data-widget_type=\"image.default\">\n\t\t\t\t\t\t\t\t\t\t\t\t\t\t\t<img fetchpriority=\"high\" decoding=\"async\" width=\"683\" height=\"1024\" src=\"https:\/\/icttravel.com\/wp-content\/uploads\/2025\/12\/CREW-Travel-img-683x1024.jpg\" class=\"attachment-large size-large wp-image-1909\" alt=\"\" srcset=\"https:\/\/icttravel.com\/wp-content\/uploads\/2025\/12\/CREW-Travel-img-683x1024.jpg 683w, https:\/\/icttravel.com\/wp-content\/uploads\/2025\/12\/CREW-Travel-img-200x300.jpg 200w, https:\/\/icttravel.com\/wp-content\/uploads\/2025\/12\/CREW-Travel-img-768x1152.jpg 768w, https:\/\/icttravel.com\/wp-content\/uploads\/2025\/12\/CREW-Travel-img-1024x1536.jpg 1024w, https:\/\/icttravel.com\/wp-content\/uploads\/2025\/12\/CREW-Travel-img-1365x2048.jpg 1365w, https:\/\/icttravel.com\/wp-content\/uploads\/2025\/12\/CREW-Travel-img.jpg 1500w\" sizes=\"(max-width: 683px) 100vw, 683px\" \/>\t\t\t\t\t\t\t\t\t\t\t\t\t\t\t<\/div>\n\t\t\t\t<\/div>\n\t\t<div class=\"elementor-element elementor-element-8bcd20e e-con-full e-flex e-con e-child\" data-id=\"8bcd20e\" data-element_type=\"container\" data-e-type=\"container\">\n\t\t\t\t<div class=\"elementor-element elementor-element-702f52ec elementor-widget elementor-widget-text-editor\" data-id=\"702f52ec\" data-element_type=\"widget\" data-e-type=\"widget\" data-widget_type=\"text-editor.default\">\n\t\t\t\t\t\t\t\t\tOp\u00e9rer dans l&rsquo;Arctique exige une logistique experte, des solutions flexibles et une fiabilit\u00e9 absolue. ICT Travel propose des programmes de voyage sur mesure pour les camps miniers, les \u00e9quipes d&rsquo;exploration, les \u00e9quipes de forage et le personnel de soutien travaillant dans le nord du Canada. Gr\u00e2ce \u00e0 notre connaissance approfondie du secteur et \u00e0 nos relations avec les compagnies a\u00e9riennes nordiques, les op\u00e9rateurs charter et les prestataires de services au sol, votre \u00e9quipage b\u00e9n\u00e9ficie de tarifs pr\u00e9f\u00e9rentiels et des meilleurs itin\u00e9raires disponibles, m\u00eame vers les destinations les plus recul\u00e9es.\t\t\t\t\t\t\t\t<\/div>\n\t\t\t\t<div class=\"elementor-element elementor-element-6d31dd35 elementor-widget elementor-widget-text-editor\" data-id=\"6d31dd35\" data-element_type=\"widget\" data-e-type=\"widget\" data-widget_type=\"text-editor.default\">\n\t\t\t\t\t\t\t\t\tQue vous ayez besoin de mobiliser une \u00e9quipe compl\u00e8te pour un nouveau projet, de g\u00e9rer les rotations d&rsquo;\u00e9quipes ou de r\u00e9pondre \u00e0 des appels d&rsquo;urgence, notre \u00e9quipe est disponible 24 heures sur <strong>24, 7<\/strong> jours sur 7 pour r\u00e9server, modifier des r\u00e9servations et r\u00e9soudre rapidement les probl\u00e8mes li\u00e9s aux d\u00e9placements. Nous offrons une assistance 24 heures sur 24 pour faire face aux <strong>conditions m\u00e9t\u00e9orologiques difficiles<\/strong> et aux retards impr\u00e9vus des compagnies a\u00e9riennes, travaillant sans rel\u00e2che pour assurer la continuit\u00e9 de vos op\u00e9rations et le soutien de votre \u00e9quipage.\t\t\t\t\t\t\t\t<\/div>\n\t\t\t\t<div class=\"elementor-element elementor-element-fd260d2 elementor-widget elementor-widget-text-editor\" data-id=\"fd260d2\" data-element_type=\"widget\" data-e-type=\"widget\" data-widget_type=\"text-editor.default\">\n\t\t\t\t\t\t\t\t\tDes vols aux h\u00e9bergements sp\u00e9cialis\u00e9s en passant par les transferts charter, ICT Travel s&rsquo;occupe de chaque d\u00e9tail, s&rsquo;adaptant parfaitement aux conditions m\u00e9t\u00e9orologiques changeantes et aux besoins op\u00e9rationnels. Notre technologie de r\u00e9servation avanc\u00e9e garantit des mises \u00e0 jour en temps r\u00e9el, le suivi des d\u00e9penses et la conformit\u00e9 pour chaque trajet. Des gestionnaires de compte d\u00e9di\u00e9s et un personnel d&rsquo;assistance bilingue assurent une communication claire en anglais et en fran\u00e7ais, garantissant le bon d\u00e9roulement de vos op\u00e9rations, quelle que soit leur complexit\u00e9 ou leur emplacement.\t\t\t\t\t\t\t\t<\/div>\n\t\t\t\t<div class=\"elementor-element elementor-element-cffa8ff gallery-spacing-custom cus-gallery elementor-widget elementor-widget-image-gallery\" data-id=\"cffa8ff\" data-element_type=\"widget\" data-e-type=\"widget\" data-widget_type=\"image-gallery.default\">\n\t\t\t\t\t\t\t<div class=\"elementor-image-gallery\">\n\t\t\t<div id='gallery-1' class='gallery galleryid-1914 gallery-columns-3 gallery-size-medium_large'><figure class='gallery-item'>\n\t\t\t<div class='gallery-icon landscape'>\n\t\t\t\t<a data-elementor-open-lightbox=\"yes\" data-elementor-lightbox-slideshow=\"cffa8ff\" data-elementor-lightbox-title=\"Les mines, sont, d\u00e9part, Newman, a\u00e9roport, apr\u00e8s, termin\u00e9, deux, semaines, fermeture\" data-e-action-hash=\"#elementor-action%3Aaction%3Dlightbox%26settings%3DeyJpZCI6MTkxMCwidXJsIjoiaHR0cHM6XC9cL2ljdHRyYXZlbC5jb21cL3dwLWNvbnRlbnRcL3VwbG9hZHNcLzIwMjVcLzEyXC9zaHV0dGVyc3RvY2tfMTEzNTA2MjIyNC0xMDI0eDY4My0xLmpwZyIsInNsaWRlc2hvdyI6ImNmZmE4ZmYifQ%3D%3D\" href='https:\/\/icttravel.com\/wp-content\/uploads\/2025\/12\/shutterstock_1135062224-1024x683-1.jpg'><img decoding=\"async\" width=\"768\" height=\"512\" src=\"https:\/\/icttravel.com\/wp-content\/uploads\/2025\/12\/shutterstock_1135062224-1024x683-1-768x512.jpg\" class=\"attachment-medium_large size-medium_large\" alt=\"\" srcset=\"https:\/\/icttravel.com\/wp-content\/uploads\/2025\/12\/shutterstock_1135062224-1024x683-1-768x512.jpg 768w, https:\/\/icttravel.com\/wp-content\/uploads\/2025\/12\/shutterstock_1135062224-1024x683-1-300x200.jpg 300w, https:\/\/icttravel.com\/wp-content\/uploads\/2025\/12\/shutterstock_1135062224-1024x683-1.jpg 1024w\" sizes=\"(max-width: 768px) 100vw, 768px\" \/><\/a>\n\t\t\t<\/div><\/figure><figure class='gallery-item'>\n\t\t\t<div class='gallery-icon landscape'>\n\t\t\t\t<a data-elementor-open-lightbox=\"yes\" data-elementor-lightbox-slideshow=\"cffa8ff\" data-elementor-lightbox-title=\"bus affr\u00e9t\u00e9 par le conseil des travailleurs\" data-e-action-hash=\"#elementor-action%3Aaction%3Dlightbox%26settings%3DeyJpZCI6MTkxMSwidXJsIjoiaHR0cHM6XC9cL2ljdHRyYXZlbC5jb21cL3dwLWNvbnRlbnRcL3VwbG9hZHNcLzIwMjVcLzEyXC93b3JrZXJzLWJvYXJkLWNoYXJ0ZXJlZC1idXMuanBnIiwic2xpZGVzaG93IjoiY2ZmYThmZiJ9\" href='https:\/\/icttravel.com\/wp-content\/uploads\/2025\/12\/workers-board-chartered-bus.jpg'><img decoding=\"async\" width=\"414\" height=\"246\" src=\"https:\/\/icttravel.com\/wp-content\/uploads\/2025\/12\/workers-board-chartered-bus.jpg\" class=\"attachment-medium_large size-medium_large\" alt=\"\" srcset=\"https:\/\/icttravel.com\/wp-content\/uploads\/2025\/12\/workers-board-chartered-bus.jpg 414w, https:\/\/icttravel.com\/wp-content\/uploads\/2025\/12\/workers-board-chartered-bus-300x178.jpg 300w\" sizes=\"(max-width: 414px) 100vw, 414px\" \/><\/a>\n\t\t\t<\/div><\/figure><figure class='gallery-item'>\n\t\t\t<div class='gallery-icon landscape'>\n\t\t\t\t<a data-elementor-open-lightbox=\"yes\" data-elementor-lightbox-slideshow=\"cffa8ff\" data-elementor-lightbox-title=\"R\u00e9gion de Baker Lake\" data-e-action-hash=\"#elementor-action%3Aaction%3Dlightbox%26settings%3DeyJpZCI6MTkxMiwidXJsIjoiaHR0cHM6XC9cL2ljdHRyYXZlbC5jb21cL3dwLWNvbnRlbnRcL3VwbG9hZHNcLzIwMjVcLzEyXC9CYWtlci1MYWtlLUFyZWEtc2NhbGVkLmpwZyIsInNsaWRlc2hvdyI6ImNmZmE4ZmYifQ%3D%3D\" href='https:\/\/icttravel.com\/wp-content\/uploads\/2025\/12\/Baker-Lake-Area-scaled.jpg'><img loading=\"lazy\" decoding=\"async\" width=\"768\" height=\"432\" src=\"https:\/\/icttravel.com\/wp-content\/uploads\/2025\/12\/Baker-Lake-Area-768x432.jpg\" class=\"attachment-medium_large size-medium_large\" alt=\"\" srcset=\"https:\/\/icttravel.com\/wp-content\/uploads\/2025\/12\/Baker-Lake-Area-768x432.jpg 768w, https:\/\/icttravel.com\/wp-content\/uploads\/2025\/12\/Baker-Lake-Area-300x169.jpg 300w, https:\/\/icttravel.com\/wp-content\/uploads\/2025\/12\/Baker-Lake-Area-1024x576.jpg 1024w, https:\/\/icttravel.com\/wp-content\/uploads\/2025\/12\/Baker-Lake-Area-1536x865.jpg 1536w, https:\/\/icttravel.com\/wp-content\/uploads\/2025\/12\/Baker-Lake-Area-2048x1153.jpg 2048w\" sizes=\"(max-width: 768px) 100vw, 768px\" \/><\/a>\n\t\t\t<\/div><\/figure>\n\t\t<\/div>\n\t\t<\/div>\n\t\t\t\t\t\t<\/div>\n\t\t\t\t<\/div>\n\t\t\t\t\t<\/div>\n\t\t\t\t<\/div>\n\t\t<div class=\"elementor-element elementor-element-4c9bb758 e-flex e-con-boxed e-con e-parent\" data-id=\"4c9bb758\" data-element_type=\"container\" data-e-type=\"container\" data-settings=\"{&quot;background_background&quot;:&quot;classic&quot;}\">\n\t\t\t\t\t<div class=\"e-con-inner\">\n\t\t<div class=\"elementor-element elementor-element-1e3b4685 e-con-full e-flex e-con e-child\" data-id=\"1e3b4685\" data-element_type=\"container\" data-e-type=\"container\" data-settings=\"{&quot;background_background&quot;:&quot;classic&quot;}\">\n\t\t\t\t<div class=\"elementor-element elementor-element-72d428f1 elementor-widget elementor-widget-text-editor\" data-id=\"72d428f1\" data-element_type=\"widget\" data-e-type=\"widget\" data-widget_type=\"text-editor.default\">\n\t\t\t\t\t\t\t\t\tPour vos d\u00e9placements li\u00e9s \u00e0 l&rsquo;exploitation mini\u00e8re et p\u00e9troli\u00e8re et gazi\u00e8re dans l&rsquo;Arctique, faites confiance \u00e0 ICT Travel pour g\u00e9rer la logistique, minimiser les co\u00fbts et vous offrir la flexibilit\u00e9 dont vous avez besoin. Nous acheminons votre \u00e9quipe l\u00e0 o\u00f9 elle doit \u00eatre, \u00e0 l&rsquo;heure, \u00e0 chaque fois, avec une assistance 24 heures sur 24, 7 jours sur 7, sur laquelle vous pouvez compter.\t\t\t\t\t\t\t\t<\/div>\n\t\t\t\t<div class=\"elementor-element elementor-element-5e4a76d1 elementor-widget elementor-widget-text-editor\" data-id=\"5e4a76d1\" data-element_type=\"widget\" data-e-type=\"widget\" data-widget_type=\"text-editor.default\">\n\t\t\t\t\t\t\t\t\tICT Travel : au service des industries mini\u00e8res canadiennes gr\u00e2ce \u00e0 des solutions de transport sp\u00e9cialis\u00e9es pour le personnel travaillant dans l&rsquo;Arctique et une assistance 24 heures sur 24.\t\t\t\t\t\t\t\t<\/div>\n\t\t\t\t<\/div>\n\t\t\t\t\t<\/div>\n\t\t\t\t<\/div>\n\t\t\t\t<\/div>\n\t\t","protected":false},"excerpt":{"rendered":"<p>CREW Voyage D\u00e9placements du personnel pour les op\u00e9rations mini\u00e8res, p\u00e9troli\u00e8res et gazi\u00e8res dans l&rsquo;Arctique ICT Travel est sp\u00e9cialis\u00e9e dans la [&hellip;]<\/p>\n","protected":false},"author":9,"featured_media":0,"parent":0,"menu_order":0,"comment_status":"closed","ping_status":"closed","template":"","meta":{"site-sidebar-layout":"no-sidebar","site-content-layout":"","ast-site-content-layout":"full-width-container","site-content-style":"default","site-sidebar-style":"default","ast-global-header-display":"","ast-banner-title-visibility":"","ast-main-header-display":"","ast-hfb-above-header-display":"","ast-hfb-below-header-display":"","ast-hfb-mobile-header-display":"","site-post-title":"disabled","ast-breadcrumbs-content":"","ast-featured-img":"disabled","footer-sml-layout":"","ast-disable-related-posts":"","theme-transparent-header-meta":"","adv-header-id-meta":"","stick-header-meta":"","header-above-stick-meta":"","header-main-stick-meta":"","header-below-stick-meta":"","astra-migrate-meta-layouts":"default","ast-page-background-enabled":"default","ast-page-background-meta":{"desktop":{"background-color":"var(--ast-global-color-5)","background-image":"","background-repeat":"repeat","background-position":"center center","background-size":"auto","background-attachment":"scroll","background-type":"","background-media":"","overlay-type":"","overlay-color":"","overlay-opacity":"","overlay-gradient":""},"tablet":{"background-color":"","background-image":"","background-repeat":"repeat","background-position":"center center","background-size":"auto","background-attachment":"scroll","background-type":"","background-media":"","overlay-type":"","overlay-color":"","overlay-opacity":"","overlay-gradient":""},"mobile":{"background-color":"","background-image":"","background-repeat":"repeat","background-position":"center center","background-size":"auto","background-attachment":"scroll","background-type":"","background-media":"","overlay-type":"","overlay-color":"","overlay-opacity":"","overlay-gradient":""}},"ast-content-background-meta":{"desktop":{"background-color":"var(--ast-global-color-4)","background-image":"","background-repeat":"repeat","background-position":"center center","background-size":"auto","background-attachment":"scroll","background-type":"","background-media":"","overlay-type":"","overlay-color":"","overlay-opacity":"","overlay-gradient":""},"tablet":{"background-color":"var(--ast-global-color-4)","background-image":"","background-repeat":"repeat","background-position":"center center","background-size":"auto","background-attachment":"scroll","background-type":"","background-media":"","overlay-type":"","overlay-color":"","overlay-opacity":"","overlay-gradient":""},"mobile":{"background-color":"var(--ast-global-color-4)","background-image":"","background-repeat":"repeat","background-position":"center center","background-size":"auto","background-attachment":"scroll","background-type":"","background-media":"","overlay-type":"","overlay-color":"","overlay-opacity":"","overlay-gradient":""}},"footnotes":""},"class_list":["post-1914","page","type-page","status-publish","hentry"],"yoast_head":"<!-- This site is optimized with the Yoast SEO plugin v27.3 - https:\/\/yoast.com\/product\/yoast-seo-wordpress\/ -->\n<title>CREW Voyage - VOYAGES ICT TRAVEL<\/title>\n<meta name=\"robots\" content=\"index, follow, max-snippet:-1, max-image-preview:large, max-video-preview:-1\" \/>\n<link rel=\"canonical\" href=\"https:\/\/icttravel.com\/fr\/crew-voyage\/\" \/>\n<meta property=\"og:locale\" content=\"fr_FR\" \/>\n<meta property=\"og:type\" content=\"article\" \/>\n<meta property=\"og:title\" content=\"CREW Voyage - VOYAGES ICT TRAVEL\" \/>\n<meta property=\"og:description\" content=\"CREW Voyage D\u00e9placements du personnel pour les op\u00e9rations mini\u00e8res, p\u00e9troli\u00e8res et gazi\u00e8res dans l&rsquo;Arctique ICT Travel est sp\u00e9cialis\u00e9e dans la [&hellip;]\" \/>\n<meta property=\"og:url\" content=\"https:\/\/icttravel.com\/fr\/crew-voyage\/\" \/>\n<meta property=\"og:site_name\" content=\"VOYAGES ICT TRAVEL\" \/>\n<meta property=\"article:modified_time\" content=\"2026-01-10T11:18:15+00:00\" \/>\n<meta property=\"og:image\" content=\"https:\/\/icttravel.com\/wp-content\/uploads\/2025\/12\/CREW-Travel-img-683x1024.jpg\" \/>\n<meta name=\"twitter:card\" content=\"summary_large_image\" \/>\n<meta name=\"twitter:label1\" content=\"Dur\u00e9e de lecture estim\u00e9e\" \/>\n\t<meta name=\"twitter:data1\" content=\"2 minutes\" \/>\n<script type=\"application\/ld+json\" class=\"yoast-schema-graph\">{\"@context\":\"https:\\\/\\\/schema.org\",\"@graph\":[{\"@type\":\"WebPage\",\"@id\":\"https:\\\/\\\/icttravel.com\\\/fr\\\/crew-voyage\\\/\",\"url\":\"https:\\\/\\\/icttravel.com\\\/fr\\\/crew-voyage\\\/\",\"name\":\"CREW Voyage - VOYAGES ICT TRAVEL\",\"isPartOf\":{\"@id\":\"https:\\\/\\\/icttravel.com\\\/#website\"},\"primaryImageOfPage\":{\"@id\":\"https:\\\/\\\/icttravel.com\\\/fr\\\/crew-voyage\\\/#primaryimage\"},\"image\":{\"@id\":\"https:\\\/\\\/icttravel.com\\\/fr\\\/crew-voyage\\\/#primaryimage\"},\"thumbnailUrl\":\"https:\\\/\\\/icttravel.com\\\/wp-content\\\/uploads\\\/2025\\\/12\\\/CREW-Travel-img-683x1024.jpg\",\"datePublished\":\"2025-12-05T09:48:25+00:00\",\"dateModified\":\"2026-01-10T11:18:15+00:00\",\"breadcrumb\":{\"@id\":\"https:\\\/\\\/icttravel.com\\\/fr\\\/crew-voyage\\\/#breadcrumb\"},\"inLanguage\":\"fr-FR\",\"potentialAction\":[{\"@type\":\"ReadAction\",\"target\":[\"https:\\\/\\\/icttravel.com\\\/fr\\\/crew-voyage\\\/\"]}]},{\"@type\":\"ImageObject\",\"inLanguage\":\"fr-FR\",\"@id\":\"https:\\\/\\\/icttravel.com\\\/fr\\\/crew-voyage\\\/#primaryimage\",\"url\":\"https:\\\/\\\/icttravel.com\\\/wp-content\\\/uploads\\\/2025\\\/12\\\/CREW-Travel-img-683x1024.jpg\",\"contentUrl\":\"https:\\\/\\\/icttravel.com\\\/wp-content\\\/uploads\\\/2025\\\/12\\\/CREW-Travel-img-683x1024.jpg\"},{\"@type\":\"BreadcrumbList\",\"@id\":\"https:\\\/\\\/icttravel.com\\\/fr\\\/crew-voyage\\\/#breadcrumb\",\"itemListElement\":[{\"@type\":\"ListItem\",\"position\":1,\"name\":\"Home\",\"item\":\"https:\\\/\\\/icttravel.com\\\/\"},{\"@type\":\"ListItem\",\"position\":2,\"name\":\"CREW Voyage\"}]},{\"@type\":\"WebSite\",\"@id\":\"https:\\\/\\\/icttravel.com\\\/#website\",\"url\":\"https:\\\/\\\/icttravel.com\\\/\",\"name\":\"VOYAGES ICT TRAVEL\",\"description\":\"\",\"potentialAction\":[{\"@type\":\"SearchAction\",\"target\":{\"@type\":\"EntryPoint\",\"urlTemplate\":\"https:\\\/\\\/icttravel.com\\\/?s={search_term_string}\"},\"query-input\":{\"@type\":\"PropertyValueSpecification\",\"valueRequired\":true,\"valueName\":\"search_term_string\"}}],\"inLanguage\":\"fr-FR\"}]}<\/script>\n<!-- \/ Yoast SEO plugin. -->","yoast_head_json":{"title":"CREW Voyage - VOYAGES ICT TRAVEL","robots":{"index":"index","follow":"follow","max-snippet":"max-snippet:-1","max-image-preview":"max-image-preview:large","max-video-preview":"max-video-preview:-1"},"canonical":"https:\/\/icttravel.com\/fr\/crew-voyage\/","og_locale":"fr_FR","og_type":"article","og_title":"CREW Voyage - VOYAGES ICT TRAVEL","og_description":"CREW Voyage D\u00e9placements du personnel pour les op\u00e9rations mini\u00e8res, p\u00e9troli\u00e8res et gazi\u00e8res dans l&rsquo;Arctique ICT Travel est sp\u00e9cialis\u00e9e dans la [&hellip;]","og_url":"https:\/\/icttravel.com\/fr\/crew-voyage\/","og_site_name":"VOYAGES ICT TRAVEL","article_modified_time":"2026-01-10T11:18:15+00:00","og_image":[{"url":"https:\/\/icttravel.com\/wp-content\/uploads\/2025\/12\/CREW-Travel-img-683x1024.jpg","type":"","width":"","height":""}],"twitter_card":"summary_large_image","twitter_misc":{"Dur\u00e9e de lecture estim\u00e9e":"2 minutes"},"schema":{"@context":"https:\/\/schema.org","@graph":[{"@type":"WebPage","@id":"https:\/\/icttravel.com\/fr\/crew-voyage\/","url":"https:\/\/icttravel.com\/fr\/crew-voyage\/","name":"CREW Voyage - VOYAGES ICT TRAVEL","isPartOf":{"@id":"https:\/\/icttravel.com\/#website"},"primaryImageOfPage":{"@id":"https:\/\/icttravel.com\/fr\/crew-voyage\/#primaryimage"},"image":{"@id":"https:\/\/icttravel.com\/fr\/crew-voyage\/#primaryimage"},"thumbnailUrl":"https:\/\/icttravel.com\/wp-content\/uploads\/2025\/12\/CREW-Travel-img-683x1024.jpg","datePublished":"2025-12-05T09:48:25+00:00","dateModified":"2026-01-10T11:18:15+00:00","breadcrumb":{"@id":"https:\/\/icttravel.com\/fr\/crew-voyage\/#breadcrumb"},"inLanguage":"fr-FR","potentialAction":[{"@type":"ReadAction","target":["https:\/\/icttravel.com\/fr\/crew-voyage\/"]}]},{"@type":"ImageObject","inLanguage":"fr-FR","@id":"https:\/\/icttravel.com\/fr\/crew-voyage\/#primaryimage","url":"https:\/\/icttravel.com\/wp-content\/uploads\/2025\/12\/CREW-Travel-img-683x1024.jpg","contentUrl":"https:\/\/icttravel.com\/wp-content\/uploads\/2025\/12\/CREW-Travel-img-683x1024.jpg"},{"@type":"BreadcrumbList","@id":"https:\/\/icttravel.com\/fr\/crew-voyage\/#breadcrumb","itemListElement":[{"@type":"ListItem","position":1,"name":"Home","item":"https:\/\/icttravel.com\/"},{"@type":"ListItem","position":2,"name":"CREW Voyage"}]},{"@type":"WebSite","@id":"https:\/\/icttravel.com\/#website","url":"https:\/\/icttravel.com\/","name":"VOYAGES ICT TRAVEL","description":"","potentialAction":[{"@type":"SearchAction","target":{"@type":"EntryPoint","urlTemplate":"https:\/\/icttravel.com\/?s={search_term_string}"},"query-input":{"@type":"PropertyValueSpecification","valueRequired":true,"valueName":"search_term_string"}}],"inLanguage":"fr-FR"}]}},"_links":{"self":[{"href":"https:\/\/icttravel.com\/fr\/wp-json\/wp\/v2\/pages\/1914","targetHints":{"allow":["GET"]}}],"collection":[{"href":"https:\/\/icttravel.com\/fr\/wp-json\/wp\/v2\/pages"}],"about":[{"href":"https:\/\/icttravel.com\/fr\/wp-json\/wp\/v2\/types\/page"}],"author":[{"embeddable":true,"href":"https:\/\/icttravel.com\/fr\/wp-json\/wp\/v2\/users\/9"}],"replies":[{"embeddable":true,"href":"https:\/\/icttravel.com\/fr\/wp-json\/wp\/v2\/comments?post=1914"}],"version-history":[{"count":5,"href":"https:\/\/icttravel.com\/fr\/wp-json\/wp\/v2\/pages\/1914\/revisions"}],"predecessor-version":[{"id":2161,"href":"https:\/\/icttravel.com\/fr\/wp-json\/wp\/v2\/pages\/1914\/revisions\/2161"}],"wp:attachment":[{"href":"https:\/\/icttravel.com\/fr\/wp-json\/wp\/v2\/media?parent=1914"}],"curies":[{"name":"wp","href":"https:\/\/api.w.org\/{rel}","templated":true}]}}